{"id":10730,"date":"2019-10-19T18:13:59","date_gmt":"2019-10-19T22:13:59","guid":{"rendered":"https:\/\/vecchi.com\/wordpresstest\/?page_id=10730"},"modified":"2019-11-08T15:09:36","modified_gmt":"2019-11-08T20:09:36","slug":"greatest-laps-in-formula-1","status":"publish","type":"page","link":"https:\/\/vecchi.com\/wordpresstest\/home\/greatest-laps-in-formula-1\/","title":{"rendered":"Greatest laps in Formula 1"},"content":{"rendered":"<h3>&#8220;Greatest two laps in Formula 1&#8221;, French Grand Prix, July 1979<\/h3>\n<p>&nbsp;<\/p>\n<div style=\"width: 865px;\" class=\"wp-video\"><video class=\"wp-video-shortcode\" id=\"video-10730-1\" width=\"865\" height=\"577\" preload=\"metadata\" controls=\"controls\"><source type=\"video\/mp4\" src=\"https:\/\/vecchi.com\/wordpresstest\/wp-content\/uploads\/2019\/10\/Arnoux-Villeneuve_x264.mp4?_=1\" \/><a href=\"https:\/\/vecchi.com\/wordpresstest\/wp-content\/uploads\/2019\/10\/Arnoux-Villeneuve_x264.mp4\">https:\/\/vecchi.com\/wordpresstest\/wp-content\/uploads\/2019\/10\/Arnoux-Villeneuve_x264.mp4<\/a><\/video><\/div>\n<h4><\/h4>\n<h4>\u00bfVolveremos a ver algo as\u00ed en la Formula 1?<\/h4>\n<p>FERRARI vs RENAULT<\/p>\n<p>Este video es un documento hist\u00f3rico, en el que est\u00e1n filmadas las dos vueltas consideradas las mejores en la historia de la Formula Uno hasta hoy d\u00eda.<\/p>\n<p>Los protagonistas son el franc\u00e9s Ren\u00e9 Arnoux en el Renault amarillo, y Gilles Villeneuve en el Ferrari rojo. La carrera fue el Francia el 1\u00b0 de Julio de 1979 en el circuito de Dijon-Prenois, y el par de locos se estaban peleando el segundo lugar; ahora imag\u00ednate si se estuvieran peleando por el primero?<\/p>\n<p>Adem\u00e1s del show que pusieron estos tipos, esa carrera fue hist\u00f3rica, ya que por primera vez gan\u00f3 un auto turbocargado (Jean Pierre Jabouille con Renault) y esto marc\u00f3 el futuro de la F1 para siempre; fue cuando nacieron los autos de F1 m\u00e1s potentes, que turbocargados y con el &#8220;Efecto Suelo&#8221;, pasar\u00edan a la historia como los autos m\u00e1s veloces y capaces de tomar las curvas m\u00e1s r\u00e1pido de todos los tiempos.<\/p>\n<p>Acabaron por prohibirlos por ser sumamente peligrosos.<\/p>\n<p>Respecto al Sr. Gilles Villeneuve, que dicho sea de paso es considerado el \u00fanico ejemplo de lo que un piloto debe ser ya que lo \u00fanico que le importaba era ser el m\u00e1s r\u00e1pido de todos, era el pap\u00e1 de Jacques, tambien piloto de F1 y un tipo muy especial; comento un par de an\u00e9cdotas sobre Gilles que lo describen a la perfecci\u00f3n.<\/p>\n<p>Un d\u00eda le pidi\u00f3 a su primer patr\u00f3n, Walter Wolf, que quer\u00eda aprender a volar helic\u00f3pteros. Mr. Wolf le prest\u00f3 el suyo con todo y piloto-instructor para que le empezara a dar clases.<\/p>\n<p>Despu\u00e9s del primer par de horas, el piloto-instructor llam\u00f3 a Mr. Wolf muy molesto y le dijo:<\/p>\n<p>&#8220;Mr.Wolf, le pido que por favor me avise la pr\u00f3xima vez que me quiera hacer una evaluaci\u00f3n sobre mi trabajo\u201d \u2026 y que no le mandara a un inspector sin antes avisarle de qu\u00e9 se trataba.<\/p>\n<p>&#8211; Mr. Wolf extra\u00f1ado le dijo que Gilles no era ning\u00fan inspector, que solo era el piloto de su auto F1 y que quer\u00eda aprender a volar helic\u00f3pteros<\/p>\n<p>&#8211; Y el piloto-instructor le contest\u00f3:<\/p>\n<p>&#8211; &#8220;Mr. Wolf, tiene Ud un fen\u00f3meno fuera de serie, ya que en tan solo 20 minutos aprendi\u00f3 a mantener el helic\u00f3ptero quieto (Hovering), maniobra que requiere a veces 40 o 50 horas de vuelo para dominarla&#8221;.<\/p>\n<p>Esto sin duda hablaba de la capacidad y sensibilidad que ten\u00eda en la coordinaci\u00f3n de manos y pies &#8211; fuera de serie.<\/p>\n<p>Otra an\u00e9cdota es con el equipo Ferrari. Ten\u00eda de compa\u00f1ero al piloto Didier Pironi (otro loco), y cuando viajaban dentro de Italia en el coche de alguno de los dos (de seguro un Ferrari), jugaban apuestas con un juego muy sencillo &#8211; El de la izquierda manejaba y el de la derecha apretaba el acelerador &#8211; la apuesta era a ver qui\u00e9n aguantaba m\u00e1s, el de la izquierda sin pisar el freno o el de la derecha soltando el acelerador. Esto sin duda hablaba de que estaba loco.<\/p>\n<p>Gilles Villeneuve muri\u00f3 en el Gran Premio de B\u00e9lgica en el circuito de Zolder el d\u00eda 9 de Mayo de 1982 en uno de los m\u00e1s impresionantes accidentes de la F1, cuando queriendo quedar por delante de su compa\u00f1ero de equipo en la calificaci\u00f3n se estrell\u00f3 contra la parte trasera de un auto m\u00e1s lento (Jochen Mass) y sali\u00f3 disparado, todav\u00eda amarrado al asiento, hasta el otro lado de la pista estrell\u00e1ndose de lleno a m\u00e1s de 200 kph contra una barrera de contenci\u00f3n.<\/p>\n<p>El video es un homenaje que le hace Rene Arnoux a quien \u00e9l siempre consider\u00f3 el mejor piloto del mundo.<\/p>\n<p>&nbsp;<\/p>\n","protected":false},"excerpt":{"rendered":"<p>&#8220;Greatest two laps in Formula 1&#8221;, French Grand Prix, July 1979 &nbsp; \u00bfVolveremos a ver algo as\u00ed en la Formula 1? FERRARI vs RENAULT Este video es un documento hist\u00f3rico, en el que est\u00e1n filmadas las dos vueltas consideradas las mejores en la historia de la Formula Uno hasta hoy d\u00eda. Los protagonistas son el&hellip;<\/p>\n<p><a class=\"more-link\" href=\"https:\/\/vecchi.com\/wordpresstest\/home\/greatest-laps-in-formula-1\/\" title=\"Continue reading &lsquo;Greatest laps in Formula 1&rsquo;\">Continue reading <span class=\"meta-nav\">&rarr;<\/span><\/a><\/p>\n","protected":false},"author":1,"featured_media":0,"parent":7,"menu_order":0,"comment_status":"closed","ping_status":"closed","template":"","meta":{"footnotes":""},"class_list":["post-10730","page","type-page","status-publish","hentry"],"yoast_head":"<!-- This site is optimized with the Yoast SEO plugin v27.5 - https:\/\/yoast.com\/product\/yoast-seo-wordpress\/ -->\n<title>Greatest laps in Formula 1 - Vecchi Family<\/title>\n<meta name=\"robots\" content=\"index, follow, max-snippet:-1, max-image-preview:large, max-video-preview:-1\" \/>\n<link rel=\"canonical\" href=\"https:\/\/vecchi.com\/wordpresstest\/home\/greatest-laps-in-formula-1\/\" \/>\n<meta property=\"og:locale\" content=\"en_US\" \/>\n<meta property=\"og:type\" content=\"article\" \/>\n<meta property=\"og:title\" content=\"Greatest laps in Formula 1 - Vecchi Family\" \/>\n<meta property=\"og:description\" content=\"&#8220;Greatest two laps in Formula 1&#8221;, French Grand Prix, July 1979 &nbsp; \u00bfVolveremos a ver algo as\u00ed en la Formula 1? FERRARI vs RENAULT Este video es un documento hist\u00f3rico, en el que est\u00e1n filmadas las dos vueltas consideradas las mejores en la historia de la Formula Uno hasta hoy d\u00eda. Los protagonistas son el&hellip;Continue reading &rarr;\" \/>\n<meta property=\"og:url\" content=\"https:\/\/vecchi.com\/wordpresstest\/home\/greatest-laps-in-formula-1\/\" \/>\n<meta property=\"og:site_name\" content=\"Vecchi Family\" \/>\n<meta property=\"article:modified_time\" content=\"2019-11-08T20:09:36+00:00\" \/>\n<meta name=\"twitter:card\" content=\"summary_large_image\" \/>\n<meta name=\"twitter:label1\" content=\"Est. reading time\" \/>\n\t<meta name=\"twitter:data1\" content=\"3 minutes\" \/>\n<script type=\"application\/ld+json\" class=\"yoast-schema-graph\">{\"@context\":\"https:\\\/\\\/schema.org\",\"@graph\":[{\"@type\":\"WebPage\",\"@id\":\"https:\\\/\\\/vecchi.com\\\/wordpresstest\\\/home\\\/greatest-laps-in-formula-1\\\/\",\"url\":\"https:\\\/\\\/vecchi.com\\\/wordpresstest\\\/home\\\/greatest-laps-in-formula-1\\\/\",\"name\":\"Greatest laps in Formula 1 - Vecchi Family\",\"isPartOf\":{\"@id\":\"https:\\\/\\\/vecchi.com\\\/wordpresstest\\\/#website\"},\"datePublished\":\"2019-10-19T22:13:59+00:00\",\"dateModified\":\"2019-11-08T20:09:36+00:00\",\"breadcrumb\":{\"@id\":\"https:\\\/\\\/vecchi.com\\\/wordpresstest\\\/home\\\/greatest-laps-in-formula-1\\\/#breadcrumb\"},\"inLanguage\":\"en-US\",\"potentialAction\":[{\"@type\":\"ReadAction\",\"target\":[\"https:\\\/\\\/vecchi.com\\\/wordpresstest\\\/home\\\/greatest-laps-in-formula-1\\\/\"]}]},{\"@type\":\"BreadcrumbList\",\"@id\":\"https:\\\/\\\/vecchi.com\\\/wordpresstest\\\/home\\\/greatest-laps-in-formula-1\\\/#breadcrumb\",\"itemListElement\":[{\"@type\":\"ListItem\",\"position\":1,\"name\":\"Home\",\"item\":\"https:\\\/\\\/vecchi.com\\\/wordpresstest\\\/\"},{\"@type\":\"ListItem\",\"position\":2,\"name\":\"Welcome to vecchi.com\",\"item\":\"https:\\\/\\\/vecchi.com\\\/wordpresstest\\\/\"},{\"@type\":\"ListItem\",\"position\":3,\"name\":\"Greatest laps in Formula 1\"}]},{\"@type\":\"WebSite\",\"@id\":\"https:\\\/\\\/vecchi.com\\\/wordpresstest\\\/#website\",\"url\":\"https:\\\/\\\/vecchi.com\\\/wordpresstest\\\/\",\"name\":\"Vecchi Family\",\"description\":\"Vecchi family activities and events\",\"potentialAction\":[{\"@type\":\"SearchAction\",\"target\":{\"@type\":\"EntryPoint\",\"urlTemplate\":\"https:\\\/\\\/vecchi.com\\\/wordpresstest\\\/?s={search_term_string}\"},\"query-input\":{\"@type\":\"PropertyValueSpecification\",\"valueRequired\":true,\"valueName\":\"search_term_string\"}}],\"inLanguage\":\"en-US\"}]}<\/script>\n<!-- \/ Yoast SEO plugin. -->","yoast_head_json":{"title":"Greatest laps in Formula 1 - Vecchi Family","robots":{"index":"index","follow":"follow","max-snippet":"max-snippet:-1","max-image-preview":"max-image-preview:large","max-video-preview":"max-video-preview:-1"},"canonical":"https:\/\/vecchi.com\/wordpresstest\/home\/greatest-laps-in-formula-1\/","og_locale":"en_US","og_type":"article","og_title":"Greatest laps in Formula 1 - Vecchi Family","og_description":"&#8220;Greatest two laps in Formula 1&#8221;, French Grand Prix, July 1979 &nbsp; \u00bfVolveremos a ver algo as\u00ed en la Formula 1? FERRARI vs RENAULT Este video es un documento hist\u00f3rico, en el que est\u00e1n filmadas las dos vueltas consideradas las mejores en la historia de la Formula Uno hasta hoy d\u00eda. Los protagonistas son el&hellip;Continue reading &rarr;","og_url":"https:\/\/vecchi.com\/wordpresstest\/home\/greatest-laps-in-formula-1\/","og_site_name":"Vecchi Family","article_modified_time":"2019-11-08T20:09:36+00:00","twitter_card":"summary_large_image","twitter_misc":{"Est. reading time":"3 minutes"},"schema":{"@context":"https:\/\/schema.org","@graph":[{"@type":"WebPage","@id":"https:\/\/vecchi.com\/wordpresstest\/home\/greatest-laps-in-formula-1\/","url":"https:\/\/vecchi.com\/wordpresstest\/home\/greatest-laps-in-formula-1\/","name":"Greatest laps in Formula 1 - Vecchi Family","isPartOf":{"@id":"https:\/\/vecchi.com\/wordpresstest\/#website"},"datePublished":"2019-10-19T22:13:59+00:00","dateModified":"2019-11-08T20:09:36+00:00","breadcrumb":{"@id":"https:\/\/vecchi.com\/wordpresstest\/home\/greatest-laps-in-formula-1\/#breadcrumb"},"inLanguage":"en-US","potentialAction":[{"@type":"ReadAction","target":["https:\/\/vecchi.com\/wordpresstest\/home\/greatest-laps-in-formula-1\/"]}]},{"@type":"BreadcrumbList","@id":"https:\/\/vecchi.com\/wordpresstest\/home\/greatest-laps-in-formula-1\/#breadcrumb","itemListElement":[{"@type":"ListItem","position":1,"name":"Home","item":"https:\/\/vecchi.com\/wordpresstest\/"},{"@type":"ListItem","position":2,"name":"Welcome to vecchi.com","item":"https:\/\/vecchi.com\/wordpresstest\/"},{"@type":"ListItem","position":3,"name":"Greatest laps in Formula 1"}]},{"@type":"WebSite","@id":"https:\/\/vecchi.com\/wordpresstest\/#website","url":"https:\/\/vecchi.com\/wordpresstest\/","name":"Vecchi Family","description":"Vecchi family activities and events","potentialAction":[{"@type":"SearchAction","target":{"@type":"EntryPoint","urlTemplate":"https:\/\/vecchi.com\/wordpresstest\/?s={search_term_string}"},"query-input":{"@type":"PropertyValueSpecification","valueRequired":true,"valueName":"search_term_string"}}],"inLanguage":"en-US"}]}},"_links":{"self":[{"href":"https:\/\/vecchi.com\/wordpresstest\/wp-json\/wp\/v2\/pages\/10730","targetHints":{"allow":["GET"]}}],"collection":[{"href":"https:\/\/vecchi.com\/wordpresstest\/wp-json\/wp\/v2\/pages"}],"about":[{"href":"https:\/\/vecchi.com\/wordpresstest\/wp-json\/wp\/v2\/types\/page"}],"author":[{"embeddable":true,"href":"https:\/\/vecchi.com\/wordpresstest\/wp-json\/wp\/v2\/users\/1"}],"replies":[{"embeddable":true,"href":"https:\/\/vecchi.com\/wordpresstest\/wp-json\/wp\/v2\/comments?post=10730"}],"version-history":[{"count":5,"href":"https:\/\/vecchi.com\/wordpresstest\/wp-json\/wp\/v2\/pages\/10730\/revisions"}],"predecessor-version":[{"id":11929,"href":"https:\/\/vecchi.com\/wordpresstest\/wp-json\/wp\/v2\/pages\/10730\/revisions\/11929"}],"up":[{"embeddable":true,"href":"https:\/\/vecchi.com\/wordpresstest\/wp-json\/wp\/v2\/pages\/7"}],"wp:attachment":[{"href":"https:\/\/vecchi.com\/wordpresstest\/wp-json\/wp\/v2\/media?parent=10730"}],"curies":[{"name":"wp","href":"https:\/\/api.w.org\/{rel}","templated":true}]}}